{"id":105,"date":"2023-10-08T20:30:59","date_gmt":"2023-10-08T18:30:59","guid":{"rendered":"https:\/\/piotrkoff.com\/?page_id=105"},"modified":"2023-12-04T09:52:29","modified_gmt":"2023-12-04T08:52:29","slug":"105-2","status":"publish","type":"page","link":"https:\/\/piotrkoff.com\/","title":{"rendered":"Strona g\u0142\u00f3wna"},"content":{"rendered":"<p>[et_pb_section fb_built=&#8221;1&#8243; admin_label=&#8221;Header&#8221; _builder_version=&#8221;4.22.2&#8243; _module_preset=&#8221;default&#8221; background_color=&#8221;gcid-3be8d3fa-8b11-41b4-b614-e601c43d7597&#8243; background_image=&#8221;https:\/\/piotrkoff.com\/wp-content\/uploads\/2023\/10\/piotrkoff_strona_tlo-1-scaled.jpg&#8221; custom_padding=&#8221;||0px|||&#8221; border_color_all=&#8221;#000000&#8243; border_width_bottom=&#8221;8px&#8221; locked=&#8221;off&#8221; collapsed=&#8221;on&#8221; global_colors_info=&#8221;{%22gcid-3be8d3fa-8b11-41b4-b614-e601c43d7597%22:%91%22background_color%22%93}&#8221;][et_pb_row _builder_version=&#8221;4.22.2&#8243; _module_preset=&#8221;default&#8221; width=&#8221;90%&#8221; max_width=&#8221;none&#8221; custom_padding=&#8221;|||2px||&#8221; global_colors_info=&#8221;{}&#8221;][et_pb_column type=&#8221;4_4&#8243; _builder_version=&#8221;4.20.0&#8243; _module_preset=&#8221;default&#8221; global_colors_info=&#8221;{}&#8221;][et_pb_text _builder_version=&#8221;4.22.2&#8243; _module_preset=&#8221;de2a9363-2fad-404f-be77-a795dfb2e764&#8243; text_font_size=&#8221;75px&#8221; header_font_size=&#8221;90px&#8221; custom_margin=&#8221;||0px|8px|false|false&#8221; inline_fonts=&#8221;aaaapiotrkoff&#8221; global_colors_info=&#8221;{}&#8221;]<\/p>\n<h1><span style=\"color: #c9c9c9; font-family: aaaapiotrkoff;\"><strong>XIII<\/strong><\/span><\/h1>\n<p>[\/et_pb_text][et_pb_text _builder_version=&#8221;4.20.0&#8243; _module_preset=&#8221;d70e8364-9999-4a67-8529-a8bea6fe1655&#8243; header_font=&#8221;Arial|700||on|||||&#8221; custom_margin=&#8221;||0px||false|false&#8221; inline_fonts=&#8221;aaaapiotrkoff&#8221; global_colors_info=&#8221;{}&#8221;]<\/p>\n<h1><span style=\"color: #c9c9c9; font-family: aaaapiotrkoff; font-weight: normal;\">PiotrKoff<\/span><\/h1>\n<p>[\/et_pb_text][et_pb_text _builder_version=&#8221;4.22.2&#8243; _module_preset=&#8221;1c53541d-9272-4a4a-a57b-a49af3bcc050&#8243; header_line_height=&#8221;0.8em&#8221; width=&#8221;99.9%&#8221; custom_padding=&#8221;|||0px||&#8221; inline_fonts=&#8221;aaaapiotrkoff&#8221; global_colors_info=&#8221;{}&#8221;]<\/p>\n<h1><span style=\"color: #c9c9c9; font-family: aaaapiotrkoff; font-weight: normal;\">art festival<\/span><\/h1>\n<p>[\/et_pb_text][\/et_pb_column][\/et_pb_row][\/et_pb_section][et_pb_section fb_built=&#8221;1&#8243; admin_label=&#8221;Event Schedule&#8221; _builder_version=&#8221;4.22.2&#8243; _module_preset=&#8221;default&#8221; background_color=&#8221;gcid-3be8d3fa-8b11-41b4-b614-e601c43d7597&#8243; border_color_all=&#8221;#000000&#8243; border_width_bottom=&#8221;8px&#8221; collapsed=&#8221;on&#8221; global_colors_info=&#8221;{%22gcid-3be8d3fa-8b11-41b4-b614-e601c43d7597%22:%91%22background_color%22%93}&#8221;][et_pb_row _builder_version=&#8221;4.22.2&#8243; _module_preset=&#8221;default&#8221; width=&#8221;90%&#8221; max_width=&#8221;1400px&#8221; min_height=&#8221;138.2px&#8221; custom_padding=&#8221;27px||0px|||&#8221; global_colors_info=&#8221;{}&#8221;][et_pb_column type=&#8221;4_4&#8243; _builder_version=&#8221;4.20.0&#8243; _module_preset=&#8221;default&#8221; global_colors_info=&#8221;{}&#8221;][et_pb_text _builder_version=&#8221;4.22.2&#8243; _module_preset=&#8221;94fdcf20-970f-46da-a923-a06719bdee61&#8243; text_orientation=&#8221;center&#8221; custom_margin=&#8221;||10px||false|false&#8221; custom_padding=&#8221;|0px||||&#8221; hover_enabled=&#8221;0&#8243; global_colors_info=&#8221;{}&#8221; sticky_enabled=&#8221;0&#8243;]<\/p>\n<div class=\"xdj266r x11i5rnm xat24cr x1mh8g0r x1vvkbs\"><span style=\"font-size: xx-large; color: #0a0a0a;\"><strong><\/strong><\/span><\/div>\n<div class=\"xdj266r x11i5rnm xat24cr x1mh8g0r x1vvkbs\"><\/div>\n<div class=\"xdj266r x11i5rnm xat24cr x1mh8g0r x1vvkbs\"><span style=\"font-size: xx-large; color: #0a0a0a;\"><strong><span>XIII edycja przebieg\u0142a szcz\u0119\u015bliwie i by\u0142a jeszcze pi\u0119kniejsza ni\u017c w naszych marzeniach. Znakomite koncerty, wkr\u0119caj\u0105ce DJ-sety, poruszaj\u0105cy performance, urocza wystawa dzieci\u0119cych prac, licznie zgromadzona, mi\u0119dzypokoleniowa publiczno\u015b\u0107, go\u015bcinne i klimatyczne lokalizacje oraz mn\u00f3stwo wsparcia z wielu stron &#8211; czego chcie\u0107 wi\u0119cej? Przepe\u0142nia nas wdzi\u0119czno\u015b\u0107 wobec wszystkich, kt\u00f3rzy wsp\u00f3\u0142tworzyli tegoroczny PiotrkOFF<\/span><\/strong><\/span><\/div>\n<div class=\"xdj266r x11i5rnm xat24cr x1mh8g0r x1vvkbs\"><span style=\"font-size: xx-large; color: #0a0a0a;\"><strong>\u00a0<\/strong><\/span><\/div>\n<div class=\"xdj266r x11i5rnm xat24cr x1mh8g0r x1vvkbs\"><span style=\"font-size: xx-large; color: #0a0a0a;\"><strong>\u00a0<\/strong><\/span><\/div>\n<div class=\"xdj266r x11i5rnm xat24cr x1mh8g0r x1vvkbs\"><span style=\"font-size: xx-large; color: #0a0a0a;\"><strong><\/strong><\/span><\/div>\n<div class=\"xdj266r x11i5rnm xat24cr x1mh8g0r x1vvkbs\"><span style=\"font-size: xx-large; color: #0a0a0a;\"><strong><\/strong><\/span><\/div>\n<div class=\"xdj266r x11i5rnm xat24cr x1mh8g0r x1vvkbs\"><span style=\"font-size: xx-large; color: #0a0a0a;\"><strong><\/strong><\/span><\/div>\n<div class=\"xdj266r x11i5rnm xat24cr x1mh8g0r x1vvkbs\"><\/div>\n<div class=\"x11i5rnm xat24cr x1mh8g0r x1vvkbs xtlvy1s\"><\/div>\n<p>[\/et_pb_text][\/et_pb_column][\/et_pb_row][et_pb_row _builder_version=&#8221;4.22.2&#8243; _module_preset=&#8221;default&#8221; global_colors_info=&#8221;{}&#8221;][et_pb_column type=&#8221;4_4&#8243; _builder_version=&#8221;4.22.2&#8243; _module_preset=&#8221;default&#8221; global_colors_info=&#8221;{}&#8221;][et_pb_text _builder_version=&#8221;4.22.2&#8243; _module_preset=&#8221;default&#8221; global_colors_info=&#8221;{}&#8221;]<\/p>\n<h1 style=\"text-align: center;\"><span style=\"font-size: xx-large; color: #0a0a0a;\"><strong>DZI\u0118KUJEMY WAM ZA OBECNO\u015a\u0106<\/strong><\/span><\/h1>\n<p><span style=\"font-size: xx-large; color: #0a0a0a;\"><strong><\/strong><\/span><\/p>\n<p><span style=\"font-size: xx-large; color: #0a0a0a;\"><strong><\/strong><\/span><\/p>\n<p><span style=\"font-size: xx-large; color: #0a0a0a;\"><strong><\/strong><\/span><\/p>\n<h1 style=\"text-align: center;\"><span style=\"font-size: xx-large; color: #0a0a0a;\"><strong>DO ZOBACZENIA W PRZYSZ\u0141YM ROKU!<\/strong><\/span><\/h1>\n<p><span style=\"font-size: xx-large; color: #0a0a0a;\"><strong><\/strong><\/span><\/p>\n<p><span style=\"font-size: xx-large; color: #0a0a0a;\"><strong><\/strong><\/span><\/p>\n<p>[\/et_pb_text][\/et_pb_column][\/et_pb_row][\/et_pb_section][et_pb_section fb_built=&#8221;1&#8243; _builder_version=&#8221;4.22.2&#8243; _module_preset=&#8221;default&#8221; background_color=&#8221;#607087&#8243; global_colors_info=&#8221;{}&#8221;][et_pb_row _builder_version=&#8221;4.22.2&#8243; _module_preset=&#8221;default&#8221; global_colors_info=&#8221;{}&#8221;][et_pb_column type=&#8221;4_4&#8243; _builder_version=&#8221;4.22.2&#8243; _module_preset=&#8221;default&#8221; global_colors_info=&#8221;{}&#8221;][et_pb_image src=&#8221;https:\/\/piotrkoff.com\/wp-content\/uploads\/2023\/10\/piotrkoff-1-2.png&#8221; title_text=&#8221;piotrkoff (1)&#8221; _builder_version=&#8221;4.22.2&#8243; _module_preset=&#8221;default&#8221; global_colors_info=&#8221;{}&#8221;][\/et_pb_image][\/et_pb_column][\/et_pb_row][\/et_pb_section][et_pb_section fb_built=&#8221;1&#8243; admin_label=&#8221;Event Schedule&#8221; _builder_version=&#8221;4.22.2&#8243; _module_preset=&#8221;default&#8221; background_color=&#8221;gcid-3be8d3fa-8b11-41b4-b614-e601c43d7597&#8243; border_color_all=&#8221;#000000&#8243; border_width_bottom=&#8221;8px&#8221; collapsed=&#8221;on&#8221; global_colors_info=&#8221;{%22gcid-3be8d3fa-8b11-41b4-b614-e601c43d7597%22:%91%22background_color%22%93}&#8221;][et_pb_row _builder_version=&#8221;4.22.2&#8243; _module_preset=&#8221;default&#8221; width=&#8221;90%&#8221; max_width=&#8221;1400px&#8221; min_height=&#8221;634.8px&#8221; custom_padding=&#8221;||||false|false&#8221; global_colors_info=&#8221;{}&#8221;][et_pb_column type=&#8221;4_4&#8243; _builder_version=&#8221;4.20.0&#8243; _module_preset=&#8221;default&#8221; global_colors_info=&#8221;{}&#8221;][et_pb_text _builder_version=&#8221;4.22.2&#8243; _module_preset=&#8221;default&#8221; text_text_color=&#8221;#000000&#8243; text_font_size=&#8221;40px&#8221; min_height=&#8221;442px&#8221; custom_margin=&#8221;||-254px|||&#8221; custom_padding=&#8221;||297px|||&#8221; global_colors_info=&#8221;{}&#8221;]<\/p>\n<p style=\"text-align: center;\"><span style=\"font-size: x-large;\"><strong>Uczestnicy festiwalu w dniu 28.10.2023 (sobota) b\u0119d\u0105 mieli mo\u017cliwo\u015b\u0107 BEZP\u0141ATNIE przedosta\u0107 si\u0119 autobusem miejskim na koncerty odbywaj\u0105ce si\u0119 w Pubie \u00d3semka, po koncertach odbywaj\u0105cych si\u0119 w I LO im. Boles\u0142awa Chrobrego. <\/strong><\/span><\/p>\n<p style=\"text-align: center;\"><span style=\"font-size: x-large;\"><strong>Bezp\u0142atne przejazdy b\u0119d\u0105 obowi\u0105zywa\u0142y na nast\u0119puj\u0105ce kursy autobus\u00f3w: <\/strong><\/span><\/p>\n<p style=\"text-align: center;\"><span style=\"font-size: x-large;\"><strong>Przystanek Al. Kopernika \u2013 Pl. Niepodleg\u0142o\u015bci 01 (ko\u0142o I LO) <\/strong><\/span><\/p>\n<p style=\"text-align: center;\"><span style=\"font-size: x-large;\"><strong>\u2022 MZK NR 7 odje\u017cd\u017caj\u0105ce o godz. 19:55, 20:26, 20:56 <\/strong><\/span><\/p>\n<p style=\"text-align: center;\"><span style=\"font-size: x-large;\"><strong>\u2022 MZK NR 4 odje\u017cd\u017caj\u0105ce o godz. 19.20, 20.41 <\/strong><\/span><\/p>\n<p style=\"text-align: center;\"><span style=\"font-size: x-large;\"><strong>Przystanek S\u0142owackiego \u2013 S\u0105d 01 (ko\u0142o S\u0105du) <\/strong><\/span><\/p>\n<p style=\"text-align: center;\"><span style=\"font-size: x-large;\"><strong>\u2022 MZK NR 5 odje\u017cd\u017caj\u0105ca o godz. 20.13 <\/strong><\/span><\/p>\n<p style=\"text-align: center;\"><span style=\"font-size: x-large;\"><strong>To wszystko dzi\u0119ki uprzejmo\u015bci Zarz\u0105du Dr\u00f3g i Utrzymania Miasta w Piotrkowie Trybunalskim.<\/strong><\/span><\/p>\n<p>[\/et_pb_text][\/et_pb_column][\/et_pb_row][\/et_pb_section][et_pb_section fb_built=&#8221;1&#8243; admin_label=&#8221;Footer&#8221; _builder_version=&#8221;4.22.2&#8243; _module_preset=&#8221;default&#8221; custom_padding=&#8221;0px||0px||true|false&#8221; global_module=&#8221;275&#8243; saved_tabs=&#8221;all&#8221; collapsed=&#8221;on&#8221; global_colors_info=&#8221;{}&#8221;][et_pb_row _builder_version=&#8221;4.22.2&#8243; _module_preset=&#8221;default&#8221; width=&#8221;100%&#8221; max_width=&#8221;none&#8221; custom_padding=&#8221;0px||0px||true|false&#8221; locked=&#8221;off&#8221; global_colors_info=&#8221;{}&#8221;][et_pb_column type=&#8221;4_4&#8243; _builder_version=&#8221;4.20.0&#8243; _module_preset=&#8221;default&#8221; global_colors_info=&#8221;{}&#8221;][et_pb_image src=&#8221;https:\/\/piotrkoff.com\/wp-content\/uploads\/2023\/10\/piotrkooooofoff.png&#8221; title_text=&#8221;piotrkooooofoff&#8221; force_fullwidth=&#8221;on&#8221; _builder_version=&#8221;4.22.2&#8243; _module_preset=&#8221;default&#8221; background_color=&#8221;#607087&#8243; global_colors_info=&#8221;{}&#8221;][\/et_pb_image][\/et_pb_column][\/et_pb_row][\/et_pb_section]<\/p>\n","protected":false},"excerpt":{"rendered":"<p>XIIIPiotrKoffart festival XIII edycja przebieg\u0142a szcz\u0119\u015bliwie i by\u0142a jeszcze pi\u0119kniejsza ni\u017c w naszych marzeniach. Znakomite koncerty, wkr\u0119caj\u0105ce DJ-sety, poruszaj\u0105cy performance, urocza wystawa dzieci\u0119cych prac, licznie zgromadzona, mi\u0119dzypokoleniowa publiczno\u015b\u0107, go\u015bcinne i klimatyczne lokalizacje oraz mn\u00f3stwo wsparcia z wielu stron &#8211; czego chcie\u0107 wi\u0119cej? Przepe\u0142nia nas wdzi\u0119czno\u015b\u0107 wobec wszystkich, kt\u00f3rzy wsp\u00f3\u0142tworzyli tegoroczny PiotrkOFF \u00a0 \u00a0 DZI\u0118KUJEMY WAM [&hellip;]<\/p>\n","protected":false},"author":1,"featured_media":0,"parent":0,"menu_order":0,"comment_status":"closed","ping_status":"closed","template":"","meta":{"_et_pb_use_builder":"on","_et_pb_old_content":"","_et_gb_content_width":"","footnotes":""},"class_list":["post-105","page","type-page","status-publish","hentry"],"_links":{"self":[{"href":"https:\/\/piotrkoff.com\/index.php\/wp-json\/wp\/v2\/pages\/105","targetHints":{"allow":["GET"]}}],"collection":[{"href":"https:\/\/piotrkoff.com\/index.php\/wp-json\/wp\/v2\/pages"}],"about":[{"href":"https:\/\/piotrkoff.com\/index.php\/wp-json\/wp\/v2\/types\/page"}],"author":[{"embeddable":true,"href":"https:\/\/piotrkoff.com\/index.php\/wp-json\/wp\/v2\/users\/1"}],"replies":[{"embeddable":true,"href":"https:\/\/piotrkoff.com\/index.php\/wp-json\/wp\/v2\/comments?post=105"}],"version-history":[{"count":25,"href":"https:\/\/piotrkoff.com\/index.php\/wp-json\/wp\/v2\/pages\/105\/revisions"}],"predecessor-version":[{"id":331,"href":"https:\/\/piotrkoff.com\/index.php\/wp-json\/wp\/v2\/pages\/105\/revisions\/331"}],"wp:attachment":[{"href":"https:\/\/piotrkoff.com\/index.php\/wp-json\/wp\/v2\/media?parent=105"}],"curies":[{"name":"wp","href":"https:\/\/api.w.org\/{rel}","templated":true}]}}